{"id":1682,"date":"2026-01-23T09:03:08","date_gmt":"2026-01-23T08:03:08","guid":{"rendered":"https:\/\/www.campingdelacolombiere.fr\/contact-access\/"},"modified":"2026-02-13T19:22:56","modified_gmt":"2026-02-13T18:22:56","slug":"contact-access","status":"publish","type":"page","link":"https:\/\/www.campingdelacolombiere.fr\/en\/contact-access\/","title":{"rendered":"Contact &amp; Access"},"content":{"rendered":"\t\t<div data-elementor-type=\"wp-page\" data-elementor-id=\"1682\" class=\"elementor elementor-1682 elementor-952\" data-elementor-post-type=\"page\">\n\t\t\t\t<div class=\"elementor-element elementor-element-53c14d3 e-con-full e-flex e-con e-parent\" data-id=\"53c14d3\" data-element_type=\"container\" data-settings=\"{&quot;background_background&quot;:&quot;classic&quot;}\">\n\t\t\t\t<div class=\"elementor-element elementor-element-c367d35 elementor-absolute elementor-invisible elementor-widget elementor-widget-theme-site-logo elementor-widget-image\" data-id=\"c367d35\" data-element_type=\"widget\" data-settings=\"{&quot;_position&quot;:&quot;absolute&quot;,&quot;_animation&quot;:&quot;fadeIn&quot;,&quot;_animation_delay&quot;:1499}\" data-widget_type=\"theme-site-logo.default\">\n\t\t\t\t\t\t\t\t\t\t\t<a href=\"https:\/\/www.campingdelacolombiere.fr\/en\/\">\n\t\t\t<img fetchpriority=\"high\" decoding=\"async\" width=\"695\" height=\"662\" src=\"https:\/\/www.campingdelacolombiere.fr\/wp-content\/uploads\/2026\/01\/logo-lacolombiere-e1768510009800.png\" class=\"attachment-full size-full wp-image-21\" alt=\"\" srcset=\"https:\/\/www.campingdelacolombiere.fr\/wp-content\/uploads\/2026\/01\/logo-lacolombiere-e1768510009800.png 695w, https:\/\/www.campingdelacolombiere.fr\/wp-content\/uploads\/2026\/01\/logo-lacolombiere-e1768510009800-300x286.png 300w\" sizes=\"(max-width: 695px) 100vw, 695px\" \/>\t\t\t\t<\/a>\n\t\t\t\t\t\t\t\t\t\t\t<\/div>\n\t\t\t\t<div class=\"elementor-element elementor-element-64b7002 elementor-widget__width-initial elementor-absolute elementor-widget elementor-widget-heading\" data-id=\"64b7002\" data-element_type=\"widget\" data-settings=\"{&quot;_position&quot;:&quot;absolute&quot;}\" data-widget_type=\"heading.default\">\n\t\t\t\t\t<h2 class=\"elementor-heading-title elementor-size-default\">Contact &amp; Access\n<\/h2>\t\t\t\t<\/div>\n\t\t\t\t<\/div>\n\t\t<div class=\"elementor-element elementor-element-81a1eb1 e-flex e-con-boxed e-con e-parent\" data-id=\"81a1eb1\" data-element_type=\"container\">\n\t\t\t\t\t<div class=\"e-con-inner\">\n\t\t<div class=\"elementor-element elementor-element-e3e8a0e e-con-full e-flex e-con e-child\" data-id=\"e3e8a0e\" data-element_type=\"container\">\n\t\t<div class=\"elementor-element elementor-element-cda8b86 e-con-full e-flex elementor-invisible e-con e-child\" data-id=\"cda8b86\" data-element_type=\"container\" data-settings=\"{&quot;animation&quot;:&quot;fadeInLeft&quot;,&quot;animation_delay&quot;:350}\">\n\t\t\t\t<div class=\"elementor-element elementor-element-b7e91d7 elementor-widget elementor-widget-heading\" data-id=\"b7e91d7\" data-element_type=\"widget\" data-widget_type=\"heading.default\">\n\t\t\t\t\t<div class=\"elementor-heading-title elementor-size-default\">A question about our campsite in the Dordogne?<\/div>\t\t\t\t<\/div>\n\t\t\t\t<div class=\"elementor-element elementor-element-4a1cd23 elementor-widget elementor-widget-heading\" data-id=\"4a1cd23\" data-element_type=\"widget\" data-widget_type=\"heading.default\">\n\t\t\t\t\t<h1 class=\"elementor-heading-title elementor-size-default\">Contact us\n<\/h1>\t\t\t\t<\/div>\n\t\t\t\t<div class=\"elementor-element elementor-element-2e924ad elementor-widget elementor-widget-text-editor\" data-id=\"2e924ad\" data-element_type=\"widget\" data-widget_type=\"text-editor.default\">\n\t\t\t\t\t\t\t\t\t<p><strong>Feel free to contact us now:<\/strong><\/p><ul><li>By phone at <a href=\"tel:+33%20(0)%205%2053%2022%2040%2086\"><strong>+33 (0) 5 53 22 40 86<\/strong><\/a><\/li><li>By email to <a href=\"mailto:info@campingdelacolombiere.fr\">info@campingdelacolombiere.fr<\/a><\/li><li>Via the form below<\/li><\/ul>\t\t\t\t\t\t\t\t<\/div>\n\t\t<div class=\"elementor-element elementor-element-78bc03f e-con-full e-flex e-con e-child\" data-id=\"78bc03f\" data-element_type=\"container\">\n\t\t\t\t<div class=\"elementor-element elementor-element-9c080dd elementor-button-align-center elementor-widget elementor-widget-form\" data-id=\"9c080dd\" data-element_type=\"widget\" data-settings=\"{&quot;step_next_label&quot;:&quot;Next&quot;,&quot;step_previous_label&quot;:&quot;Previous&quot;,&quot;button_width&quot;:&quot;100&quot;,&quot;step_type&quot;:&quot;number_text&quot;,&quot;step_icon_shape&quot;:&quot;circle&quot;}\" data-widget_type=\"form.default\">\n\t\t\t\t\t\t\t<form class=\"elementor-form\" method=\"post\" name=\"New form\" aria-label=\"New form\">\n\t\t\t<input type=\"hidden\" name=\"post_id\" value=\"1682\"\/>\n\t\t\t<input type=\"hidden\" name=\"form_id\" value=\"9c080dd\"\/>\n\t\t\t<input type=\"hidden\" name=\"referer_title\" value=\"Contact &amp; Access - Camping Ushua\u00efa Villages la Colombi\u00e8re - Camping nature famille\" \/>\n\n\t\t\t\t\t\t\t<input type=\"hidden\" name=\"queried_id\" value=\"1682\"\/>\n\t\t\t\n\t\t\t<div class=\"elementor-form-fields-wrapper elementor-labels-\">\n\t\t\t\t\t\t\t\t<div class=\"elementor-field-type-text elementor-field-group elementor-column elementor-field-group-name elementor-col-100 elementor-field-required\">\n\t\t\t\t\t\t\t\t\t\t\t\t<label for=\"form-field-name\" class=\"elementor-field-label elementor-screen-only\">\n\t\t\t\t\t\t\t\tLast name\t\t\t\t\t\t\t<\/label>\n\t\t\t\t\t\t\t\t\t\t\t\t\t\t<input size=\"1\" type=\"text\" name=\"form_fields[name]\" id=\"form-field-name\" class=\"elementor-field elementor-size-md  elementor-field-textual\" placeholder=\"Last name\" required=\"required\">\n\t\t\t\t\t\t\t\t\t\t\t<\/div>\n\t\t\t\t\t\t\t\t<div class=\"elementor-field-type-text elementor-field-group elementor-column elementor-field-group-field_56a8ec1 elementor-col-100 elementor-field-required\">\n\t\t\t\t\t\t\t\t\t\t\t\t<label for=\"form-field-field_56a8ec1\" class=\"elementor-field-label elementor-screen-only\">\n\t\t\t\t\t\t\t\tPhone\t\t\t\t\t\t\t<\/label>\n\t\t\t\t\t\t\t\t\t\t\t\t\t\t<input size=\"1\" type=\"text\" name=\"form_fields[field_56a8ec1]\" id=\"form-field-field_56a8ec1\" class=\"elementor-field elementor-size-md  elementor-field-textual\" placeholder=\"Phone\" required=\"required\">\n\t\t\t\t\t\t\t\t\t\t\t<\/div>\n\t\t\t\t\t\t\t\t<div class=\"elementor-field-type-email elementor-field-group elementor-column elementor-field-group-email elementor-col-100 elementor-field-required\">\n\t\t\t\t\t\t\t\t\t\t\t\t<label for=\"form-field-email\" class=\"elementor-field-label elementor-screen-only\">\n\t\t\t\t\t\t\t\tEmail\t\t\t\t\t\t\t<\/label>\n\t\t\t\t\t\t\t\t\t\t\t\t\t\t<input size=\"1\" type=\"email\" name=\"form_fields[email]\" id=\"form-field-email\" class=\"elementor-field elementor-size-md  elementor-field-textual\" placeholder=\"Email\" required=\"required\">\n\t\t\t\t\t\t\t\t\t\t\t<\/div>\n\t\t\t\t\t\t\t\t<div class=\"elementor-field-type-textarea elementor-field-group elementor-column elementor-field-group-message elementor-col-100 elementor-field-required\">\n\t\t\t\t\t\t\t\t\t\t\t\t<label for=\"form-field-message\" class=\"elementor-field-label elementor-screen-only\">\n\t\t\t\t\t\t\t\tMessage\t\t\t\t\t\t\t<\/label>\n\t\t\t\t\t\t<textarea class=\"elementor-field-textual elementor-field  elementor-size-md\" name=\"form_fields[message]\" id=\"form-field-message\" rows=\"4\" placeholder=\"Message\" required=\"required\"><\/textarea>\t\t\t\t<\/div>\n\t\t\t\t\t\t\t\t<div class=\"elementor-field-group elementor-column elementor-field-type-submit elementor-col-100 e-form__buttons\">\n\t\t\t\t\t<button class=\"elementor-button elementor-size-md\" type=\"submit\">\n\t\t\t\t\t\t<span class=\"elementor-button-content-wrapper\">\n\t\t\t\t\t\t\t\t\t\t\t\t\t\t\t\t\t\t\t\t\t\t<span class=\"elementor-button-text\">Send<\/span>\n\t\t\t\t\t\t\t\t\t\t\t\t\t<\/span>\n\t\t\t\t\t<\/button>\n\t\t\t\t<\/div>\n\t\t\t<\/div>\n\t\t<\/form>\n\t\t\t\t\t\t<\/div>\n\t\t\t\t<\/div>\n\t\t\t\t<\/div>\n\t\t\t\t<\/div>\n\t\t<div class=\"elementor-element elementor-element-624e498 e-con-full e-flex e-con e-child\" data-id=\"624e498\" data-element_type=\"container\">\n\t\t<div class=\"elementor-element elementor-element-18d36fa e-con-full e-flex elementor-invisible e-con e-child\" data-id=\"18d36fa\" data-element_type=\"container\" data-settings=\"{&quot;animation&quot;:&quot;fadeInRight&quot;,&quot;animation_delay&quot;:800}\">\n\t\t\t\t<div class=\"elementor-element elementor-element-6f3065e elementor-widget elementor-widget-heading\" data-id=\"6f3065e\" data-element_type=\"widget\" data-widget_type=\"heading.default\">\n\t\t\t\t\t<div class=\"elementor-heading-title elementor-size-default\">Getting to the campsite\n<\/div>\t\t\t\t<\/div>\n\t\t\t\t<div class=\"elementor-element elementor-element-b9318b4 elementor-widget elementor-widget-heading\" data-id=\"b9318b4\" data-element_type=\"widget\" data-widget_type=\"heading.default\">\n\t\t\t\t\t<h1 class=\"elementor-heading-title elementor-size-default\"><a href=\"https:\/\/www.campingdelacolombiere.fr\/en\/\">Camping Ushua\u00efa Village la Colombi\u00e8re\n<\/a><\/h1>\t\t\t\t<\/div>\n\t\t\t\t<div class=\"elementor-element elementor-element-3dd8081 elementor-widget elementor-widget-text-editor\" data-id=\"3dd8081\" data-element_type=\"widget\" data-widget_type=\"text-editor.default\">\n\t\t\t\t\t\t\t\t\t<p>7, rue Pechgrand<br>24440 Beaumont du P\u00e9rigord<\/p>\t\t\t\t\t\t\t\t<\/div>\n\t\t<div class=\"elementor-element elementor-element-8450907 e-con-full e-flex e-con e-child\" data-id=\"8450907\" data-element_type=\"container\">\n\t\t\t\t<div class=\"elementor-element elementor-element-fe03ea3 cttMap elementor-widget elementor-widget-google_maps\" data-id=\"fe03ea3\" data-element_type=\"widget\" data-widget_type=\"google_maps.default\">\n\t\t\t\t\t\t\t<div class=\"elementor-custom-embed\">\n\t\t\t<iframe loading=\"lazy\"\n\t\t\t\t\tsrc=\"https:\/\/maps.google.com\/maps?q=Camping%20Ushua%C3%AFa%20Village%20la%20Colombi%C3%A8re&#038;t=m&#038;z=12&#038;output=embed&#038;iwloc=near\"\n\t\t\t\t\ttitle=\"Camping Ushua\u00efa Village la Colombi\u00e8re\"\n\t\t\t\t\taria-label=\"Camping Ushua\u00efa Village la Colombi\u00e8re\"\n\t\t\t><\/iframe>\n\t\t<\/div>\n\t\t\t\t\t\t<\/div>\n\t\t\t\t<\/div>\n\t\t\t\t<\/div>\n\t\t\t\t<\/div>\n\t\t\t\t\t<\/div>\n\t\t\t\t<\/div>\n\t\t<div class=\"elementor-element elementor-element-0e76b8f e-con-full e-flex e-con e-parent\" data-id=\"0e76b8f\" data-element_type=\"container\" data-settings=\"{&quot;background_background&quot;:&quot;classic&quot;}\">\n\t\t<div class=\"elementor-element elementor-element-1bdf150 cttChal e-flex e-con-boxed elementor-invisible e-con e-child\" data-id=\"1bdf150\" data-element_type=\"container\" data-settings=\"{&quot;background_background&quot;:&quot;classic&quot;,&quot;animation&quot;:&quot;fadeInUp&quot;,&quot;animation_delay&quot;:500}\">\n\t\t\t\t\t<div class=\"e-con-inner\">\n\t\t<div class=\"elementor-element elementor-element-c855818 e-flex e-con-boxed e-con e-child\" data-id=\"c855818\" data-element_type=\"container\">\n\t\t\t\t\t<div class=\"e-con-inner\">\n\t\t\t\t<div class=\"elementor-element elementor-element-185672e elementor-widget elementor-widget-heading\" data-id=\"185672e\" data-element_type=\"widget\" data-widget_type=\"heading.default\">\n\t\t\t\t\t<h2 class=\"elementor-heading-title elementor-size-default\">Getting to the campsite\n<\/h2>\t\t\t\t<\/div>\n\t\t\t\t<div class=\"elementor-element elementor-element-f9973e2 elementor-widget elementor-widget-heading\" data-id=\"f9973e2\" data-element_type=\"widget\" data-widget_type=\"heading.default\">\n\t\t\t\t\t<h2 class=\"elementor-heading-title elementor-size-default\">To get to our campsite in Dordogne:\n\n<\/h2>\t\t\t\t<\/div>\n\t\t\t\t<div class=\"elementor-element elementor-element-805280b elementor-widget elementor-widget-text-editor\" data-id=\"805280b\" data-element_type=\"widget\" data-widget_type=\"text-editor.default\">\n\t\t\t\t\t\t\t\t\t<p><strong><em>From Paris:<\/em><\/strong><\/p><ul><li>Take the A20 motorway to Souillac<\/li><li>Head towards Sarlat, Saint-Cyprien<\/li><li>In Le Buisson-de-Cadouin, take the direction of Beaumont-du-P\u00e9rigord<\/li><\/ul><p><strong><em>From Lyon:<\/em><\/strong><\/p><ul><li>Take the A89 motorway towards Clermont-Ferrand as far as Brive-la-Gaillarde<\/li><li>Then take the A20 towards Toulouse, Souillac exit<\/li><li>Head towards Sarlat, Saint-Cyprien<\/li><li>In Le Buisson-de-Cadouin, take the direction of Beaumont-du-P\u00e9rigord<\/li><\/ul><p><strong><em>From Bordeaux:<\/em><\/strong><\/p><ul><li>Take the N89 national road to Libourne<\/li><li>Then take the D670 to Bergerac<\/li><li>Head towards Sarlat to Couze, cross the Dordogne, then head towards Beaumont-du-P\u00e9rigord<\/li><\/ul><p><strong><em>From Toulouse:<\/em><\/strong><\/p><ul><li>Take the A62 motorway towards Bordeaux as far as Agen<\/li><li>Then take the N21 towards Villeneuve-sur-Lot<\/li><li>Continue towards Monflanquin, then Beaumont-du-P\u00e9rigord<\/li><\/ul>\t\t\t\t\t\t\t\t<\/div>\n\t\t\t\t\t<\/div>\n\t\t\t\t<\/div>\n\t\t\t\t\t<\/div>\n\t\t\t\t<\/div>\n\t\t\t\t<\/div>\n\t\t\t\t<\/div>\n\t\t","protected":false},"excerpt":{"rendered":"<p>Contact &amp; Access A question about our campsite in the Dordogne? Contact us Feel free to contact us now: By phone at +33 (0) 5 53 22 40 86 By email to info@campingdelacolombiere.fr Via the form below Getting to the campsite Camping Ushua\u00efa Village la Colombi\u00e8re 7, rue Pechgrand24440 Beaumont du P\u00e9rigord Getting to the [&hellip;]<\/p>\n","protected":false},"author":1,"featured_media":0,"parent":0,"menu_order":0,"comment_status":"closed","ping_status":"closed","template":"","meta":{"footnotes":""},"class_list":["post-1682","page","type-page","status-publish","hentry"],"yoast_head":"<!-- This site is optimized with the Yoast SEO plugin v26.9 - https:\/\/yoast.com\/product\/yoast-seo-wordpress\/ -->\n<title>Contact &amp; Access - Camping Ushua\u00efa Villages la Colombi\u00e8re - Camping nature famille<\/title>\n<meta name=\"description\" content=\"Camping Ushua\u00efa Villages la Colombi\u00e8re - Camping nature famille\" \/>\n<meta name=\"robots\" content=\"index, follow, max-snippet:-1, max-image-preview:large, max-video-preview:-1\" \/>\n<link rel=\"canonical\" href=\"https:\/\/www.campingdelacolombiere.fr\/en\/contact-access\/\" \/>\n<meta property=\"og:locale\" content=\"en_US\" \/>\n<meta property=\"og:type\" content=\"article\" \/>\n<meta property=\"og:title\" content=\"Contact &amp; Access - Camping Ushua\u00efa Villages la Colombi\u00e8re - Camping nature famille\" \/>\n<meta property=\"og:description\" content=\"Camping Ushua\u00efa Villages la Colombi\u00e8re - Camping nature famille\" \/>\n<meta property=\"og:url\" content=\"https:\/\/www.campingdelacolombiere.fr\/en\/contact-access\/\" \/>\n<meta property=\"og:site_name\" content=\"Camping Ushua\u00efa Villages la Colombi\u00e8re - Camping nature famille\" \/>\n<meta property=\"article:modified_time\" content=\"2026-02-13T18:22:56+00:00\" \/>\n<meta name=\"twitter:card\" content=\"summary_large_image\" \/>\n<meta name=\"twitter:label1\" content=\"Est. reading time\" \/>\n\t<meta name=\"twitter:data1\" content=\"1 minute\" \/>\n<script type=\"application\/ld+json\" class=\"yoast-schema-graph\">{\"@context\":\"https:\/\/schema.org\",\"@graph\":[{\"@type\":\"WebPage\",\"@id\":\"https:\/\/www.campingdelacolombiere.fr\/en\/contact-access\/\",\"url\":\"https:\/\/www.campingdelacolombiere.fr\/en\/contact-access\/\",\"name\":\"Contact &amp; Access - Camping Ushua\u00efa Villages la Colombi\u00e8re - Camping nature famille\",\"isPartOf\":{\"@id\":\"https:\/\/www.campingdelacolombiere.fr\/#website\"},\"datePublished\":\"2026-01-23T08:03:08+00:00\",\"dateModified\":\"2026-02-13T18:22:56+00:00\",\"description\":\"Camping Ushua\u00efa Villages la Colombi\u00e8re - Camping nature famille\",\"breadcrumb\":{\"@id\":\"https:\/\/www.campingdelacolombiere.fr\/en\/contact-access\/#breadcrumb\"},\"inLanguage\":\"en-US\",\"potentialAction\":[{\"@type\":\"ReadAction\",\"target\":[\"https:\/\/www.campingdelacolombiere.fr\/en\/contact-access\/\"]}]},{\"@type\":\"BreadcrumbList\",\"@id\":\"https:\/\/www.campingdelacolombiere.fr\/en\/contact-access\/#breadcrumb\",\"itemListElement\":[{\"@type\":\"ListItem\",\"position\":1,\"name\":\"Accueil\",\"item\":\"https:\/\/www.campingdelacolombiere.fr\/en\/home\/\"},{\"@type\":\"ListItem\",\"position\":2,\"name\":\"Contact &amp; Access\"}]},{\"@type\":\"WebSite\",\"@id\":\"https:\/\/www.campingdelacolombiere.fr\/#website\",\"url\":\"https:\/\/www.campingdelacolombiere.fr\/\",\"name\":\"Camping Ushua\u00efa Villages la Colombi\u00e8re - Camping nature famille\",\"description\":\"S\u00e9journez au Camping Ushua\u00efa Villages La Colombi\u00e8re* en Dordogne. Vivez une exp\u00e9rience authentique, entre nature, convivialit\u00e9 et activit\u00e9s\",\"publisher\":{\"@id\":\"https:\/\/www.campingdelacolombiere.fr\/#organization\"},\"potentialAction\":[{\"@type\":\"SearchAction\",\"target\":{\"@type\":\"EntryPoint\",\"urlTemplate\":\"https:\/\/www.campingdelacolombiere.fr\/?s={search_term_string}\"},\"query-input\":{\"@type\":\"PropertyValueSpecification\",\"valueRequired\":true,\"valueName\":\"search_term_string\"}}],\"inLanguage\":\"en-US\"},{\"@type\":\"Organization\",\"@id\":\"https:\/\/www.campingdelacolombiere.fr\/#organization\",\"name\":\"Camping Ushua\u00efa Villages la Colombi\u00e8re - Camping nature famille\",\"url\":\"https:\/\/www.campingdelacolombiere.fr\/\",\"logo\":{\"@type\":\"ImageObject\",\"inLanguage\":\"en-US\",\"@id\":\"https:\/\/www.campingdelacolombiere.fr\/#\/schema\/logo\/image\/\",\"url\":\"https:\/\/www.campingdelacolombiere.fr\/wp-content\/uploads\/2026\/01\/logo-lacolombiere-e1768510009800.png\",\"contentUrl\":\"https:\/\/www.campingdelacolombiere.fr\/wp-content\/uploads\/2026\/01\/logo-lacolombiere-e1768510009800.png\",\"width\":695,\"height\":662,\"caption\":\"Camping Ushua\u00efa Villages la Colombi\u00e8re - Camping nature famille\"},\"image\":{\"@id\":\"https:\/\/www.campingdelacolombiere.fr\/#\/schema\/logo\/image\/\"}}]}<\/script>\n<!-- \/ Yoast SEO plugin. -->","yoast_head_json":{"title":"Contact &amp; Access - Camping Ushua\u00efa Villages la Colombi\u00e8re - Camping nature famille","description":"Camping Ushua\u00efa Villages la Colombi\u00e8re - Camping nature famille","robots":{"index":"index","follow":"follow","max-snippet":"max-snippet:-1","max-image-preview":"max-image-preview:large","max-video-preview":"max-video-preview:-1"},"canonical":"https:\/\/www.campingdelacolombiere.fr\/en\/contact-access\/","og_locale":"en_US","og_type":"article","og_title":"Contact &amp; Access - Camping Ushua\u00efa Villages la Colombi\u00e8re - Camping nature famille","og_description":"Camping Ushua\u00efa Villages la Colombi\u00e8re - Camping nature famille","og_url":"https:\/\/www.campingdelacolombiere.fr\/en\/contact-access\/","og_site_name":"Camping Ushua\u00efa Villages la Colombi\u00e8re - Camping nature famille","article_modified_time":"2026-02-13T18:22:56+00:00","twitter_card":"summary_large_image","twitter_misc":{"Est. reading time":"1 minute"},"schema":{"@context":"https:\/\/schema.org","@graph":[{"@type":"WebPage","@id":"https:\/\/www.campingdelacolombiere.fr\/en\/contact-access\/","url":"https:\/\/www.campingdelacolombiere.fr\/en\/contact-access\/","name":"Contact &amp; Access - Camping Ushua\u00efa Villages la Colombi\u00e8re - Camping nature famille","isPartOf":{"@id":"https:\/\/www.campingdelacolombiere.fr\/#website"},"datePublished":"2026-01-23T08:03:08+00:00","dateModified":"2026-02-13T18:22:56+00:00","description":"Camping Ushua\u00efa Villages la Colombi\u00e8re - Camping nature famille","breadcrumb":{"@id":"https:\/\/www.campingdelacolombiere.fr\/en\/contact-access\/#breadcrumb"},"inLanguage":"en-US","potentialAction":[{"@type":"ReadAction","target":["https:\/\/www.campingdelacolombiere.fr\/en\/contact-access\/"]}]},{"@type":"BreadcrumbList","@id":"https:\/\/www.campingdelacolombiere.fr\/en\/contact-access\/#breadcrumb","itemListElement":[{"@type":"ListItem","position":1,"name":"Accueil","item":"https:\/\/www.campingdelacolombiere.fr\/en\/home\/"},{"@type":"ListItem","position":2,"name":"Contact &amp; Access"}]},{"@type":"WebSite","@id":"https:\/\/www.campingdelacolombiere.fr\/#website","url":"https:\/\/www.campingdelacolombiere.fr\/","name":"Camping Ushua\u00efa Villages la Colombi\u00e8re - Camping nature famille","description":"S\u00e9journez au Camping Ushua\u00efa Villages La Colombi\u00e8re* en Dordogne. Vivez une exp\u00e9rience authentique, entre nature, convivialit\u00e9 et activit\u00e9s","publisher":{"@id":"https:\/\/www.campingdelacolombiere.fr\/#organization"},"potentialAction":[{"@type":"SearchAction","target":{"@type":"EntryPoint","urlTemplate":"https:\/\/www.campingdelacolombiere.fr\/?s={search_term_string}"},"query-input":{"@type":"PropertyValueSpecification","valueRequired":true,"valueName":"search_term_string"}}],"inLanguage":"en-US"},{"@type":"Organization","@id":"https:\/\/www.campingdelacolombiere.fr\/#organization","name":"Camping Ushua\u00efa Villages la Colombi\u00e8re - Camping nature famille","url":"https:\/\/www.campingdelacolombiere.fr\/","logo":{"@type":"ImageObject","inLanguage":"en-US","@id":"https:\/\/www.campingdelacolombiere.fr\/#\/schema\/logo\/image\/","url":"https:\/\/www.campingdelacolombiere.fr\/wp-content\/uploads\/2026\/01\/logo-lacolombiere-e1768510009800.png","contentUrl":"https:\/\/www.campingdelacolombiere.fr\/wp-content\/uploads\/2026\/01\/logo-lacolombiere-e1768510009800.png","width":695,"height":662,"caption":"Camping Ushua\u00efa Villages la Colombi\u00e8re - Camping nature famille"},"image":{"@id":"https:\/\/www.campingdelacolombiere.fr\/#\/schema\/logo\/image\/"}}]}},"_links":{"self":[{"href":"https:\/\/www.campingdelacolombiere.fr\/en\/wp-json\/wp\/v2\/pages\/1682","targetHints":{"allow":["GET"]}}],"collection":[{"href":"https:\/\/www.campingdelacolombiere.fr\/en\/wp-json\/wp\/v2\/pages"}],"about":[{"href":"https:\/\/www.campingdelacolombiere.fr\/en\/wp-json\/wp\/v2\/types\/page"}],"author":[{"embeddable":true,"href":"https:\/\/www.campingdelacolombiere.fr\/en\/wp-json\/wp\/v2\/users\/1"}],"replies":[{"embeddable":true,"href":"https:\/\/www.campingdelacolombiere.fr\/en\/wp-json\/wp\/v2\/comments?post=1682"}],"version-history":[{"count":4,"href":"https:\/\/www.campingdelacolombiere.fr\/en\/wp-json\/wp\/v2\/pages\/1682\/revisions"}],"predecessor-version":[{"id":1810,"href":"https:\/\/www.campingdelacolombiere.fr\/en\/wp-json\/wp\/v2\/pages\/1682\/revisions\/1810"}],"wp:attachment":[{"href":"https:\/\/www.campingdelacolombiere.fr\/en\/wp-json\/wp\/v2\/media?parent=1682"}],"curies":[{"name":"wp","href":"https:\/\/api.w.org\/{rel}","templated":true}]}}