{"id":1771,"date":"2026-01-11T13:10:45","date_gmt":"2026-01-11T12:10:45","guid":{"rendered":"https:\/\/www.campingdelacolombiere.fr\/privacy-policy\/"},"modified":"2026-02-13T18:58:18","modified_gmt":"2026-02-13T17:58:18","slug":"privacy-policy","status":"publish","type":"page","link":"https:\/\/www.campingdelacolombiere.fr\/en\/privacy-policy\/","title":{"rendered":"Privacy Policy"},"content":{"rendered":"\t\t<div data-elementor-type=\"wp-page\" data-elementor-id=\"1771\" class=\"elementor elementor-1771 elementor-3\" data-elementor-post-type=\"page\">\n\t\t\t\t<div class=\"elementor-element elementor-element-3eaec0fb e-flex e-con-boxed e-con e-parent\" data-id=\"3eaec0fb\" data-element_type=\"container\">\n\t\t\t\t\t<div class=\"e-con-inner\">\n\t\t\t\t<div class=\"elementor-element elementor-element-65a538d0 elementor-widget elementor-widget-text-editor\" data-id=\"65a538d0\" data-element_type=\"widget\" data-widget_type=\"text-editor.default\">\n\t\t\t\t\t\t\t\t\t<div class=\"page-content\"><div class=\"elementor elementor-3\" data-elementor-type=\"wp-page\" data-elementor-id=\"3\" data-elementor-post-type=\"page\"><div class=\"elementor-element elementor-element-6e49c64 e-flex e-con-boxed e-con e-parent e-lazyloaded\" data-id=\"6e49c64\" data-element_type=\"container\"><div class=\"e-con-inner\"><div class=\"elementor-element elementor-element-198e1bb7 elementor-widget elementor-widget-text-editor\" data-id=\"198e1bb7\" data-element_type=\"widget\" data-widget_type=\"text-editor.default\"><div class=\"wp-block-column is-layout-flow wp-block-column-is-layout-flow\"><p>\u00a0<\/p><p class=\"h3 has-sous-titre-font-size\"><strong>Collecte de l\u2019information<\/strong><\/p><p>Nous recueillons des informations lorsque vous naviguez sur le site, lorsque vous passez une commande et lorsque vous remplissez l\u2019un des formulaires.<\/p><p>En outre, nous recevons et enregistrons automatiquement des informations \u00e0 partir de votre ordinateur et navigateur, comme :<\/p><ul class=\"wp-block-list\"><li>votre adresse IP<\/li><li>le type de mat\u00e9riel et de navigateur utilis\u00e9s<\/li><li>la\/les page(s) que vous consultez<\/li><\/ul><p class=\"h3 has-sous-titre-font-size\"><strong>Utilisation des informations<\/strong><\/p><p>Toute les informations que nous recueillons peuvent \u00eatre utilis\u00e9es pour :<\/p><ul class=\"wp-block-list\"><li>Personnaliser votre exp\u00e9rience et r\u00e9pondre \u00e0 vos besoins individuels<\/li><li>Fournir un contenu publicitaire personnalis\u00e9<\/li><li>Am\u00e9liorer notre site Web<\/li><li>Am\u00e9liorer le service client et vos besoins de prise en charge<\/li><li>Vous contacter par email<\/li><li>Administrer un concours, une promotion, ou une enqu\u00eate<\/li><\/ul><p class=\"h3 has-sous-titre-font-size\"><strong>Divulgation \u00e0 des tiers<\/strong><\/p><p>Nous ne vendons, n\u2019\u00e9changeons et ne transf\u00e9rons pas vos informations personnelles identifiables \u00e0 des tiers. Cela ne comprend pas les tierces parties de confiance qui nous aident \u00e0 exploiter notre site Web, tant que ces parties conviennent de garder ces informations confidentielles.<\/p><p>Les informations non-priv\u00e9es, cependant, peuvent \u00eatre fournies \u00e0 d\u2019autres parties pour le marketing, la publicit\u00e9, ou d\u2019autres utilisations.<\/p><p class=\"h3 has-sous-titre-font-size\"><strong>Informations relatives aux cookies sur notre site<\/strong><\/p><p>L\u2019information d\u00e9taill\u00e9e des cookies et leurs gestions sur le site sont disponibles ici\u00a0:\u00a0<a href=\"\/politique-relative-aux-cookies-ue\/\" data-type=\"page\" data-id=\"63\">Politique de cookies (EU)<\/a><\/p><div class=\"wp-block-column is-layout-flow wp-block-column-is-layout-flow\"><p class=\"h3 has-sous-titre-font-size\"><strong>Protection des informations<\/strong> <strong>et donn\u00e9es personnelles<\/strong><\/p><p>L\u2019internaute peut \u00eatre amen\u00e9 \u00e0 d\u00e9poser certaines donn\u00e9es personnelles en r\u00e9pondant aux formulaires qui lui sont propos\u00e9s. La saisie de ces donn\u00e9es est n\u00e9cessaire au traitement de la demande de l\u2019internaute.<\/p><p><strong>Camping de la Colombi\u00e8re<\/strong>\u00a0s\u2019engage \u00e0 respecter les dispositions de la loi n\u00b078-17 du 6 janvier 1978 relative \u00e0 l\u2019informatique, aux fichiers et aux libert\u00e9s modifi\u00e9e et prendre toute pr\u00e9caution n\u00e9cessaire pour pr\u00e9server la s\u00e9curit\u00e9 des informations nominatives confi\u00e9es. Aucune information \u00e0 caract\u00e8re personnel ne sera communiqu\u00e9e \u00e0 des soci\u00e9t\u00e9s tierces sans l\u2019accord pr\u00e9alable et \u00e9clair\u00e9 de l\u2019internaute.<\/p><p><strong>Francecom<\/strong> met en \u0153uvre une vari\u00e9t\u00e9 de mesures de s\u00e9curit\u00e9 pour pr\u00e9server la s\u00e9curit\u00e9 de vos informations personnelles :<\/p><ul class=\"wp-block-list\"><li>Protocole SSL<\/li><li>Gestion des acc\u00e8s par login\/mot de passe<\/li><li>Logiciels de surveillance r\u00e9seau<\/li><li>Sauvegardes informatiques multiples<\/li><li>Pare-feu<\/li><\/ul><p>Nous prot\u00e9geons \u00e9galement vos informations hors ligne. Seuls les employ\u00e9s qui ont besoin d\u2019effectuer un travail sp\u00e9cifique (par exemple, la facturation ou le service \u00e0 la client\u00e8le) ont acc\u00e8s aux informations personnelles identifiables. Les ordinateurs et serveurs utilis\u00e9s pour stocker des informations personnelles identifiables sont conserv\u00e9s dans un environnement s\u00e9curis\u00e9.<\/p><p class=\"h3 has-sous-titre-font-size\"><strong>Droit d\u2019acc\u00e8s, de modification et de suppression de vos donn\u00e9es<\/strong><\/p><p>Nous nous engageons \u00e0 vous offrir un droit d\u2019opposition et de retrait quant \u00e0 vos renseignements personnels. Le droit d\u2019opposition s\u2019entend comme \u00e9tant la possibilit\u00e9 offerte aux internautes de refuser que leurs renseignements personnels soient utilis\u00e9s \u00e0 certaines fins mentionn\u00e9es lors de la collecte.<\/p><p class=\"h3 has-sous-titre-font-size\"><strong>Acc\u00e8s aux informations personnelles<\/strong><\/p><p class=\"has-sous-titre-font-size\">Pour acc\u00e8der \u00e0 vos aux informations personnelles, les modifier, les supprimer et exercer vos droits, vous pouvez nous contacter\u00a0 :<\/p><\/div><p><strong>Camping de la Colombi\u00e8re<br \/><\/strong>7 rue Pechgrand, 24440 Beaumont du P\u00e9rigord<br \/><strong>Tel:<\/strong> 05.53.22.40.86<br \/><strong>Mail:<\/strong> info@campingdelacolombiere.fr<\/p><\/div><\/div><\/div><\/div><\/div><\/div><p>\u00a0<\/p>\t\t\t\t\t\t\t\t<\/div>\n\t\t\t\t\t<\/div>\n\t\t\t\t<\/div>\n\t\t\t\t<\/div>\n\t\t","protected":false},"excerpt":{"rendered":"<p>Qui sommes-nous ? Texte sugg\u00e9r\u00e9 : L\u2019adresse de notre site est : www.campingdelacolombiere.fr Commentaires Texte sugg\u00e9r\u00e9 : Quand vous laissez un commentaire sur notre site, les donn\u00e9es inscrites dans le formulaire de commentaire, ainsi que votre adresse IP et l\u2019agent utilisateur de votre navigateur sont collect\u00e9s pour nous aider \u00e0 la d\u00e9tection des commentaires ind\u00e9sirables. [&hellip;]<\/p>\n","protected":false},"author":1,"featured_media":0,"parent":0,"menu_order":0,"comment_status":"closed","ping_status":"open","template":"","meta":{"footnotes":""},"class_list":["post-1771","page","type-page","status-publish","hentry"],"yoast_head":"<!-- This site is optimized with the Yoast SEO plugin v26.9 - https:\/\/yoast.com\/product\/yoast-seo-wordpress\/ -->\n<title>Privacy Policy - Camping Ushua\u00efa Villages la Colombi\u00e8re - Camping nature famille<\/title>\n<meta name=\"description\" content=\"Camping Ushua\u00efa Villages la Colombi\u00e8re - Camping nature famille\" \/>\n<meta name=\"robots\" content=\"index, follow, max-snippet:-1, max-image-preview:large, max-video-preview:-1\" \/>\n<link rel=\"canonical\" href=\"https:\/\/www.campingdelacolombiere.fr\/en\/privacy-policy\/\" \/>\n<meta property=\"og:locale\" content=\"en_US\" \/>\n<meta property=\"og:type\" content=\"article\" \/>\n<meta property=\"og:title\" content=\"Privacy Policy - Camping Ushua\u00efa Villages la Colombi\u00e8re - Camping nature famille\" \/>\n<meta property=\"og:description\" content=\"Camping Ushua\u00efa Villages la Colombi\u00e8re - Camping nature famille\" \/>\n<meta property=\"og:url\" content=\"https:\/\/www.campingdelacolombiere.fr\/en\/privacy-policy\/\" \/>\n<meta property=\"og:site_name\" content=\"Camping Ushua\u00efa Villages la Colombi\u00e8re - Camping nature famille\" \/>\n<meta property=\"article:modified_time\" content=\"2026-02-13T17:58:18+00:00\" \/>\n<meta name=\"twitter:card\" content=\"summary_large_image\" \/>\n<meta name=\"twitter:label1\" content=\"Est. reading time\" \/>\n\t<meta name=\"twitter:data1\" content=\"4 minutes\" \/>\n<script type=\"application\/ld+json\" class=\"yoast-schema-graph\">{\"@context\":\"https:\/\/schema.org\",\"@graph\":[{\"@type\":\"WebPage\",\"@id\":\"https:\/\/www.campingdelacolombiere.fr\/en\/privacy-policy\/\",\"url\":\"https:\/\/www.campingdelacolombiere.fr\/en\/privacy-policy\/\",\"name\":\"Privacy Policy - Camping Ushua\u00efa Villages la Colombi\u00e8re - Camping nature famille\",\"isPartOf\":{\"@id\":\"https:\/\/www.campingdelacolombiere.fr\/#website\"},\"datePublished\":\"2026-01-11T12:10:45+00:00\",\"dateModified\":\"2026-02-13T17:58:18+00:00\",\"description\":\"Camping Ushua\u00efa Villages la Colombi\u00e8re - Camping nature famille\",\"breadcrumb\":{\"@id\":\"https:\/\/www.campingdelacolombiere.fr\/en\/privacy-policy\/#breadcrumb\"},\"inLanguage\":\"en-US\",\"potentialAction\":[{\"@type\":\"ReadAction\",\"target\":[\"https:\/\/www.campingdelacolombiere.fr\/en\/privacy-policy\/\"]}]},{\"@type\":\"BreadcrumbList\",\"@id\":\"https:\/\/www.campingdelacolombiere.fr\/en\/privacy-policy\/#breadcrumb\",\"itemListElement\":[{\"@type\":\"ListItem\",\"position\":1,\"name\":\"Accueil\",\"item\":\"https:\/\/www.campingdelacolombiere.fr\/en\/home\/\"},{\"@type\":\"ListItem\",\"position\":2,\"name\":\"Privacy Policy\"}]},{\"@type\":\"WebSite\",\"@id\":\"https:\/\/www.campingdelacolombiere.fr\/#website\",\"url\":\"https:\/\/www.campingdelacolombiere.fr\/\",\"name\":\"Camping Ushua\u00efa Villages la Colombi\u00e8re - Camping nature famille\",\"description\":\"S\u00e9journez au Camping Ushua\u00efa Villages La Colombi\u00e8re* en Dordogne. Vivez une exp\u00e9rience authentique, entre nature, convivialit\u00e9 et activit\u00e9s\",\"publisher\":{\"@id\":\"https:\/\/www.campingdelacolombiere.fr\/#organization\"},\"potentialAction\":[{\"@type\":\"SearchAction\",\"target\":{\"@type\":\"EntryPoint\",\"urlTemplate\":\"https:\/\/www.campingdelacolombiere.fr\/?s={search_term_string}\"},\"query-input\":{\"@type\":\"PropertyValueSpecification\",\"valueRequired\":true,\"valueName\":\"search_term_string\"}}],\"inLanguage\":\"en-US\"},{\"@type\":\"Organization\",\"@id\":\"https:\/\/www.campingdelacolombiere.fr\/#organization\",\"name\":\"Camping Ushua\u00efa Villages la Colombi\u00e8re - Camping nature famille\",\"url\":\"https:\/\/www.campingdelacolombiere.fr\/\",\"logo\":{\"@type\":\"ImageObject\",\"inLanguage\":\"en-US\",\"@id\":\"https:\/\/www.campingdelacolombiere.fr\/#\/schema\/logo\/image\/\",\"url\":\"https:\/\/www.campingdelacolombiere.fr\/wp-content\/uploads\/2026\/01\/logo-lacolombiere-e1768510009800.png\",\"contentUrl\":\"https:\/\/www.campingdelacolombiere.fr\/wp-content\/uploads\/2026\/01\/logo-lacolombiere-e1768510009800.png\",\"width\":695,\"height\":662,\"caption\":\"Camping Ushua\u00efa Villages la Colombi\u00e8re - Camping nature famille\"},\"image\":{\"@id\":\"https:\/\/www.campingdelacolombiere.fr\/#\/schema\/logo\/image\/\"}}]}<\/script>\n<!-- \/ Yoast SEO plugin. -->","yoast_head_json":{"title":"Privacy Policy - Camping Ushua\u00efa Villages la Colombi\u00e8re - Camping nature famille","description":"Camping Ushua\u00efa Villages la Colombi\u00e8re - Camping nature famille","robots":{"index":"index","follow":"follow","max-snippet":"max-snippet:-1","max-image-preview":"max-image-preview:large","max-video-preview":"max-video-preview:-1"},"canonical":"https:\/\/www.campingdelacolombiere.fr\/en\/privacy-policy\/","og_locale":"en_US","og_type":"article","og_title":"Privacy Policy - Camping Ushua\u00efa Villages la Colombi\u00e8re - Camping nature famille","og_description":"Camping Ushua\u00efa Villages la Colombi\u00e8re - Camping nature famille","og_url":"https:\/\/www.campingdelacolombiere.fr\/en\/privacy-policy\/","og_site_name":"Camping Ushua\u00efa Villages la Colombi\u00e8re - Camping nature famille","article_modified_time":"2026-02-13T17:58:18+00:00","twitter_card":"summary_large_image","twitter_misc":{"Est. reading time":"4 minutes"},"schema":{"@context":"https:\/\/schema.org","@graph":[{"@type":"WebPage","@id":"https:\/\/www.campingdelacolombiere.fr\/en\/privacy-policy\/","url":"https:\/\/www.campingdelacolombiere.fr\/en\/privacy-policy\/","name":"Privacy Policy - Camping Ushua\u00efa Villages la Colombi\u00e8re - Camping nature famille","isPartOf":{"@id":"https:\/\/www.campingdelacolombiere.fr\/#website"},"datePublished":"2026-01-11T12:10:45+00:00","dateModified":"2026-02-13T17:58:18+00:00","description":"Camping Ushua\u00efa Villages la Colombi\u00e8re - Camping nature famille","breadcrumb":{"@id":"https:\/\/www.campingdelacolombiere.fr\/en\/privacy-policy\/#breadcrumb"},"inLanguage":"en-US","potentialAction":[{"@type":"ReadAction","target":["https:\/\/www.campingdelacolombiere.fr\/en\/privacy-policy\/"]}]},{"@type":"BreadcrumbList","@id":"https:\/\/www.campingdelacolombiere.fr\/en\/privacy-policy\/#breadcrumb","itemListElement":[{"@type":"ListItem","position":1,"name":"Accueil","item":"https:\/\/www.campingdelacolombiere.fr\/en\/home\/"},{"@type":"ListItem","position":2,"name":"Privacy Policy"}]},{"@type":"WebSite","@id":"https:\/\/www.campingdelacolombiere.fr\/#website","url":"https:\/\/www.campingdelacolombiere.fr\/","name":"Camping Ushua\u00efa Villages la Colombi\u00e8re - Camping nature famille","description":"S\u00e9journez au Camping Ushua\u00efa Villages La Colombi\u00e8re* en Dordogne. Vivez une exp\u00e9rience authentique, entre nature, convivialit\u00e9 et activit\u00e9s","publisher":{"@id":"https:\/\/www.campingdelacolombiere.fr\/#organization"},"potentialAction":[{"@type":"SearchAction","target":{"@type":"EntryPoint","urlTemplate":"https:\/\/www.campingdelacolombiere.fr\/?s={search_term_string}"},"query-input":{"@type":"PropertyValueSpecification","valueRequired":true,"valueName":"search_term_string"}}],"inLanguage":"en-US"},{"@type":"Organization","@id":"https:\/\/www.campingdelacolombiere.fr\/#organization","name":"Camping Ushua\u00efa Villages la Colombi\u00e8re - Camping nature famille","url":"https:\/\/www.campingdelacolombiere.fr\/","logo":{"@type":"ImageObject","inLanguage":"en-US","@id":"https:\/\/www.campingdelacolombiere.fr\/#\/schema\/logo\/image\/","url":"https:\/\/www.campingdelacolombiere.fr\/wp-content\/uploads\/2026\/01\/logo-lacolombiere-e1768510009800.png","contentUrl":"https:\/\/www.campingdelacolombiere.fr\/wp-content\/uploads\/2026\/01\/logo-lacolombiere-e1768510009800.png","width":695,"height":662,"caption":"Camping Ushua\u00efa Villages la Colombi\u00e8re - Camping nature famille"},"image":{"@id":"https:\/\/www.campingdelacolombiere.fr\/#\/schema\/logo\/image\/"}}]}},"_links":{"self":[{"href":"https:\/\/www.campingdelacolombiere.fr\/en\/wp-json\/wp\/v2\/pages\/1771","targetHints":{"allow":["GET"]}}],"collection":[{"href":"https:\/\/www.campingdelacolombiere.fr\/en\/wp-json\/wp\/v2\/pages"}],"about":[{"href":"https:\/\/www.campingdelacolombiere.fr\/en\/wp-json\/wp\/v2\/types\/page"}],"author":[{"embeddable":true,"href":"https:\/\/www.campingdelacolombiere.fr\/en\/wp-json\/wp\/v2\/users\/1"}],"replies":[{"embeddable":true,"href":"https:\/\/www.campingdelacolombiere.fr\/en\/wp-json\/wp\/v2\/comments?post=1771"}],"version-history":[{"count":1,"href":"https:\/\/www.campingdelacolombiere.fr\/en\/wp-json\/wp\/v2\/pages\/1771\/revisions"}],"predecessor-version":[{"id":1772,"href":"https:\/\/www.campingdelacolombiere.fr\/en\/wp-json\/wp\/v2\/pages\/1771\/revisions\/1772"}],"wp:attachment":[{"href":"https:\/\/www.campingdelacolombiere.fr\/en\/wp-json\/wp\/v2\/media?parent=1771"}],"curies":[{"name":"wp","href":"https:\/\/api.w.org\/{rel}","templated":true}]}}